{"id":12,"date":"2020-07-10T20:20:14","date_gmt":"2020-07-10T18:20:14","guid":{"rendered":"https:\/\/schneiderinvechta.lima-city.de\/?page_id=12"},"modified":"2022-07-24T12:46:28","modified_gmt":"2022-07-24T10:46:28","slug":"das-neue-museum-oeffnet-seine-tueren-2","status":"publish","type":"page","link":"https:\/\/schneideratelier-stukenborg.de\/","title":{"rendered":""},"content":{"rendered":"\n<div class=\"wp-block-group alignwide is-layout-flow wp-block-group-is-layout-flow\"><div class=\"wp-block-group__inner-container\">\n<h1 class=\"has-text-align-center wp-block-heading\">Schneideratelier Stukenborg<\/h1>\n\n\n\n<p class=\"has-text-align-center has-normal-font-size\">\u00c4nderungen und Neuanfertigungen<\/p>\n\n\n\n<h3 class=\"has-text-align-center wp-block-heading\"><\/h3>\n\n\n\n<blockquote class=\"wp-block-quote has-text-align-center\"><p>Die Au\u00dfenseite eines Menschen ist das Titelblatt des Innern.<\/p><\/blockquote>\n\n\n\n<p class=\"has-text-align-center\">Mode ist meine Passion, die Mode meiner Kunden meine Mission.<br>Und das seit \u00fcber 30 Jahren als Schneiderin in Langf\u00f6rden.<\/p>\n\n\n\n<p class=\"has-text-align-center\">Als gelernte Damenschneiderin fertige ich individuelle Kleidungsst\u00fccke und f\u00fchre \u00c4nderungen z.B. an M\u00e4nteln, Jacken, Blusen, T-Shirts, Hosen usw. durch.<\/p>\n\n\n\n<p class=\"has-text-align-center\">Nat\u00fcrlich \u00e4ndere ich auch f\u00fcr den stilbewussten Herr, egal ob Anz\u00fcge (Sakko\u00e4rmel, Sakkor\u00fccken, Hosenl\u00e4nge, Bundweiten) oder Freizeitkleidung.<\/p>\n\n\n\n<p><\/p>\n\n\n\n<p class=\"has-text-align-center\">Besonders gerne n\u00e4he und \u00e4ndere ich Braut- und Abendmode.<\/p>\n<\/div><\/div>\n\n\n\n<div class=\"wp-block-group is-layout-flow wp-block-group-is-layout-flow\"><div class=\"wp-block-group__inner-container\">\n<div class=\"wp-block-group is-layout-flow wp-block-group-is-layout-flow\"><div class=\"wp-block-group__inner-container\">\n<div class=\"wp-block-group is-layout-flow wp-block-group-is-layout-flow\"><div class=\"wp-block-group__inner-container\">\n<div class=\"wp-block-group is-layout-flow wp-block-group-is-layout-flow\"><div class=\"wp-block-group__inner-container\"><div class=\"wp-block-image\">\n<figure class=\"aligncenter size-large\"><img loading=\"lazy\" decoding=\"async\" width=\"1024\" height=\"680\" src=\"https:\/\/schneideratelier-stukenborg.de\/wp-content\/uploads\/2020\/07\/lace-768476_1920-e1594841208289-1024x680.jpg\" alt=\"\" class=\"wp-image-120\" srcset=\"https:\/\/schneideratelier-stukenborg.de\/wp-content\/uploads\/2020\/07\/lace-768476_1920-e1594841208289-1024x680.jpg 1024w, https:\/\/schneideratelier-stukenborg.de\/wp-content\/uploads\/2020\/07\/lace-768476_1920-e1594841208289-300x199.jpg 300w, https:\/\/schneideratelier-stukenborg.de\/wp-content\/uploads\/2020\/07\/lace-768476_1920-e1594841208289-768x510.jpg 768w, https:\/\/schneideratelier-stukenborg.de\/wp-content\/uploads\/2020\/07\/lace-768476_1920-e1594841208289-1536x1020.jpg 1536w, https:\/\/schneideratelier-stukenborg.de\/wp-content\/uploads\/2020\/07\/lace-768476_1920-e1594841208289.jpg 1920w\" sizes=\"(max-width: 706px) 89vw, (max-width: 767px) 82vw, 740px\" \/><\/figure><\/div><\/div><\/div>\n<\/div><\/div>\n<\/div><\/div>\n<\/div><\/div>\n\n\n\n<div id=\"Anfahrt\" class=\"wp-block-group is-layout-flow wp-block-group-is-layout-flow\"><div class=\"wp-block-group__inner-container\">\n<div id=\"Anfahrt\" class=\"wp-block-group is-layout-flow wp-block-group-is-layout-flow\"><div class=\"wp-block-group__inner-container\">\n<p class=\"has-text-align-center\">Kommen Sie doch einfach mit Ihren ganz individuellen Vorstellungen und W\u00fcnschen zu mir und lassen Sie sich beraten. Ich freue mich auf Ihre Kontaktaufnahme.<\/p>\n\n\n\n<p>Sie erreichen mich unter 04447 \/ 1721.<\/p>\n\n\n\n<p>Ihre<br> Lore Stukenborg<\/p>\n<\/div><\/div>\n<\/div><\/div>\n\n\n\n<p><\/p>\n","protected":false},"excerpt":{"rendered":"<p>Schneideratelier Stukenborg \u00c4nderungen und Neuanfertigungen Die Au\u00dfenseite eines Menschen ist das Titelblatt des Innern. Mode ist meine Passion, die Mode meiner Kunden meine Mission.Und das seit \u00fcber 30 Jahren als Schneiderin in Langf\u00f6rden. Als gelernte Damenschneiderin fertige ich individuelle Kleidungsst\u00fccke und f\u00fchre \u00c4nderungen z.B. an M\u00e4nteln, Jacken, Blusen, T-Shirts, Hosen usw. durch. Nat\u00fcrlich \u00e4ndere ich &hellip; <\/p>\n<p class=\"link-more\"><a href=\"https:\/\/schneideratelier-stukenborg.de\/\" class=\"more-link\"><span class=\"screen-reader-text\">\u201e\u201c<\/span> weiterlesen<\/a><\/p>\n","protected":false},"author":1,"featured_media":0,"parent":0,"menu_order":0,"comment_status":"closed","ping_status":"closed","template":"","meta":{"footnotes":""},"_links":{"self":[{"href":"https:\/\/schneideratelier-stukenborg.de\/index.php?rest_route=\/wp\/v2\/pages\/12"}],"collection":[{"href":"https:\/\/schneideratelier-stukenborg.de\/index.php?rest_route=\/wp\/v2\/pages"}],"about":[{"href":"https:\/\/schneideratelier-stukenborg.de\/index.php?rest_route=\/wp\/v2\/types\/page"}],"author":[{"embeddable":true,"href":"https:\/\/schneideratelier-stukenborg.de\/index.php?rest_route=\/wp\/v2\/users\/1"}],"replies":[{"embeddable":true,"href":"https:\/\/schneideratelier-stukenborg.de\/index.php?rest_route=%2Fwp%2Fv2%2Fcomments&post=12"}],"version-history":[{"count":55,"href":"https:\/\/schneideratelier-stukenborg.de\/index.php?rest_route=\/wp\/v2\/pages\/12\/revisions"}],"predecessor-version":[{"id":172,"href":"https:\/\/schneideratelier-stukenborg.de\/index.php?rest_route=\/wp\/v2\/pages\/12\/revisions\/172"}],"wp:attachment":[{"href":"https:\/\/schneideratelier-stukenborg.de\/index.php?rest_route=%2Fwp%2Fv2%2Fmedia&parent=12"}],"curies":[{"name":"wp","href":"https:\/\/api.w.org\/{rel}","templated":true}]}}